{"id":2790,"date":"2020-11-30T19:12:02","date_gmt":"2020-11-30T19:12:02","guid":{"rendered":"https:\/\/marziomilano.com\/origini\/"},"modified":"2020-12-22T13:05:13","modified_gmt":"2020-12-22T13:05:13","slug":"origine","status":"publish","type":"page","link":"https:\/\/marziomilano.com\/it\/origine\/","title":{"rendered":"Origine"},"content":{"rendered":"<section class=\"l-section wpb_row us_custom_08aadd3d height_large\"><div class=\"l-section-h i-cf\"><div class=\"g-cols vc_row via_flex valign_middle type_default stacking_default\"><div class=\"vc_col-sm-6 wpb_column vc_column_container\"><div class=\"vc_column-inner\"><div class=\"wpb_wrapper\"><div class=\"w-image align_center\"><div class=\"w-image-h\"><img decoding=\"async\" width=\"500\" height=\"483\" src=\"https:\/\/marziomilano.com\/wp-content\/uploads\/2020\/09\/Milano_Origen-500x483.jpg\" class=\"attachment-medium size-medium\" alt=\"\" loading=\"lazy\" srcset=\"https:\/\/marziomilano.com\/wp-content\/uploads\/2020\/09\/Milano_Origen-500x483.jpg 500w, https:\/\/marziomilano.com\/wp-content\/uploads\/2020\/09\/Milano_Origen-360x347.jpg 360w, https:\/\/marziomilano.com\/wp-content\/uploads\/2020\/09\/Milano_Origen-565x545.jpg 565w, https:\/\/marziomilano.com\/wp-content\/uploads\/2020\/09\/Milano_Origen.jpg 600w\" sizes=\"auto, (max-width: 500px) 100vw, 500px\" \/><\/div><\/div><\/div><\/div><\/div><div class=\"vc_col-sm-6 wpb_column vc_column_container\"><div class=\"vc_column-inner\"><div class=\"wpb_wrapper\"><div class=\"wpb_text_column us_custom_ef0a6697\"><div class=\"wpb_wrapper\"><p>Origine<\/p>\n<\/div><\/div><div class=\"w-separator size_small\"><\/div><div class=\"wpb_text_column us_custom_dce84d0e texto-cursiva azul\"><div class=\"wpb_wrapper\"><p><em>Marzio Milano nasce ad opera di Marzio Villa, un brillante uomo d&#8217;affari legato al mondo dell&#8217;orologeria, con una nota reputazione internazionale.<\/em><\/p>\n<\/div><\/div><\/div><\/div><\/div><\/div><\/div><\/section><section class=\"l-section wpb_row us_custom_08aadd3d height_large\"><div class=\"l-section-overlay\" style=\"background:#002c5c\"><\/div><div class=\"l-section-h i-cf\"><div class=\"g-cols vc_row via_flex valign_middle type_default reversed stacking_default\"><div class=\"vc_col-sm-6 wpb_column vc_column_container\"><div class=\"vc_column-inner\"><div class=\"wpb_wrapper\"><div class=\"wpb_text_column us_custom_1ce72c01 texto-cursiva blanco\"><div class=\"wpb_wrapper\"><p><em>Adesso, spinto dalle sue ambizioni imprenditoriali, ha deciso di intraprendere un progetto pi\u00f9 personale: il desiderio di lanciare una propria linea di gioielli, Marzio Milano, come omaggio alla sua citt\u00e0 natale e alla cultura che ne scaturisce. Questa \u00e8 la sua settima azienda, numero che spicca nel logo creando un monogramma insieme alla &#8220;Z&#8221; di Marzio.<\/em><\/p>\n<\/div><\/div><\/div><\/div><\/div><div class=\"vc_col-sm-6 wpb_column vc_column_container\"><div class=\"vc_column-inner\"><div class=\"wpb_wrapper\"><div class=\"w-image us_custom_8e980a81 align_center\"><div class=\"w-image-h\"><img decoding=\"async\" width=\"441\" height=\"441\" src=\"https:\/\/marziomilano.com\/wp-content\/uploads\/2020\/08\/origen2.jpg\" class=\"attachment-us_600_600 size-us_600_600\" alt=\"\" loading=\"lazy\" srcset=\"https:\/\/marziomilano.com\/wp-content\/uploads\/2020\/08\/origen2.jpg 441w, https:\/\/marziomilano.com\/wp-content\/uploads\/2020\/08\/origen2-360x360.jpg 360w, https:\/\/marziomilano.com\/wp-content\/uploads\/2020\/08\/origen2-187x187.jpg 187w, https:\/\/marziomilano.com\/wp-content\/uploads\/2020\/08\/origen2-400x400.jpg 400w\" sizes=\"auto, (max-width: 441px) 100vw, 441px\" \/><\/div><\/div><\/div><\/div><\/div><\/div><\/div><\/section><section class=\"l-section wpb_row us_custom_08aadd3d height_large\"><div class=\"l-section-h i-cf\"><div class=\"g-cols vc_row via_flex valign_middle type_default stacking_default\"><div class=\"vc_col-sm-6 wpb_column vc_column_container\"><div class=\"vc_column-inner\"><div class=\"wpb_wrapper\"><div class=\"w-image us_custom_3352664f align_center\"><div class=\"w-image-h\"><img decoding=\"async\" width=\"500\" height=\"385\" src=\"https:\/\/marziomilano.com\/wp-content\/uploads\/2020\/08\/origen3-500x385.jpg\" class=\"attachment-medium size-medium\" alt=\"\" loading=\"lazy\" srcset=\"https:\/\/marziomilano.com\/wp-content\/uploads\/2020\/08\/origen3-500x385.jpg 500w, https:\/\/marziomilano.com\/wp-content\/uploads\/2020\/08\/origen3-360x278.jpg 360w, https:\/\/marziomilano.com\/wp-content\/uploads\/2020\/08\/origen3-565x436.jpg 565w, https:\/\/marziomilano.com\/wp-content\/uploads\/2020\/08\/origen3.jpg 576w\" sizes=\"auto, (max-width: 500px) 100vw, 500px\" \/><\/div><\/div><\/div><\/div><\/div><div class=\"vc_col-sm-6 wpb_column vc_column_container\"><div class=\"vc_column-inner\"><div class=\"wpb_wrapper\"><div class=\"wpb_text_column us_custom_1ce72c01 texto-cursiva azul\"><div class=\"wpb_wrapper\"><p><em>Un sogno che diventa realt\u00e0. Marzio Milano \u00e8 un marchio con un design esclusivo, che unisce la tradizione e la voglia di innovare, rendendo ogni pezzo un gioiello unico. Il design classico viene reinventato con un\u2019artigianalit\u00e0 moderna che trasmette emozioni e sensualit\u00e0. Gioielli italiani di alta qualit\u00e0.<\/em><\/p>\n<\/div><\/div><\/div><\/div><\/div><\/div><\/div><\/section><section class=\"l-section wpb_row height_large\"><div class=\"l-section-overlay\" style=\"background:#fef0e0\"><\/div><div class=\"l-section-h i-cf\"><div class=\"g-cols vc_row via_flex valign_top type_default stacking_default\"><div class=\"vc_col-sm-12 wpb_column vc_column_container\"><div class=\"vc_column-inner\"><div class=\"wpb_wrapper\"><div class=\"wpb_text_column us_custom_de7af0d7\"><div class=\"wpb_wrapper\"><p>Tutti i pezzi sono fatti a mano nel Nord Italia<\/p>\n<\/div><\/div><\/div><\/div><\/div><\/div><\/div><\/section>\n","protected":false},"excerpt":{"rendered":"Origine Marzio Milano nasce ad opera di Marzio Villa, un brillante uomo d&#8217;affari legato al mondo dell&#8217;orologeria, con una nota reputazione internazionale. Adesso, spinto dalle sue ambizioni imprenditoriali, ha deciso di intraprendere un progetto pi\u00f9 personale: il desiderio di lanciare una propria linea di gioielli, Marzio Milano, come omaggio alla sua citt\u00e0 natale e alla...","protected":false},"author":1,"featured_media":0,"parent":0,"menu_order":0,"comment_status":"closed","ping_status":"closed","template":"","meta":{"inline_featured_image":false,"footnotes":""},"class_list":["post-2790","page","type-page","status-publish","hentry"],"yoast_head":"<!-- This site is optimized with the Yoast SEO plugin v27.4 - https:\/\/yoast.com\/product\/yoast-seo-wordpress\/ -->\n<title>Origine - Marzio Milano<\/title>\n<meta name=\"robots\" content=\"index, follow, max-snippet:-1, max-image-preview:large, max-video-preview:-1\" \/>\n<link rel=\"canonical\" href=\"https:\/\/marziomilano.com\/it\/origine\/\" \/>\n<meta property=\"og:locale\" content=\"it_IT\" \/>\n<meta property=\"og:type\" content=\"article\" \/>\n<meta property=\"og:title\" content=\"Origine - Marzio Milano\" \/>\n<meta property=\"og:url\" content=\"https:\/\/marziomilano.com\/it\/origine\/\" \/>\n<meta property=\"og:site_name\" content=\"Marzio Milano\" \/>\n<meta property=\"article:modified_time\" content=\"2020-12-22T13:05:13+00:00\" \/>\n<meta name=\"twitter:card\" content=\"summary_large_image\" \/>\n<meta name=\"twitter:label1\" content=\"Tempo di lettura stimato\" \/>\n\t<meta name=\"twitter:data1\" content=\"3 minuti\" \/>\n<script type=\"application\/ld+json\" class=\"yoast-schema-graph\">{\"@context\":\"https:\\\/\\\/schema.org\",\"@graph\":[{\"@type\":\"WebPage\",\"@id\":\"https:\\\/\\\/marziomilano.com\\\/it\\\/origine\\\/\",\"url\":\"https:\\\/\\\/marziomilano.com\\\/it\\\/origine\\\/\",\"name\":\"Origine - Marzio Milano\",\"isPartOf\":{\"@id\":\"https:\\\/\\\/marziomilano.com\\\/it\\\/#website\"},\"datePublished\":\"2020-11-30T19:12:02+00:00\",\"dateModified\":\"2020-12-22T13:05:13+00:00\",\"breadcrumb\":{\"@id\":\"https:\\\/\\\/marziomilano.com\\\/it\\\/origine\\\/#breadcrumb\"},\"inLanguage\":\"it-IT\",\"potentialAction\":[{\"@type\":\"ReadAction\",\"target\":[\"https:\\\/\\\/marziomilano.com\\\/it\\\/origine\\\/\"]}]},{\"@type\":\"BreadcrumbList\",\"@id\":\"https:\\\/\\\/marziomilano.com\\\/it\\\/origine\\\/#breadcrumb\",\"itemListElement\":[{\"@type\":\"ListItem\",\"position\":1,\"name\":\"Portada\",\"item\":\"https:\\\/\\\/marziomilano.com\\\/it\\\/\"},{\"@type\":\"ListItem\",\"position\":2,\"name\":\"Origine\"}]},{\"@type\":\"WebSite\",\"@id\":\"https:\\\/\\\/marziomilano.com\\\/it\\\/#website\",\"url\":\"https:\\\/\\\/marziomilano.com\\\/it\\\/\",\"name\":\"Marzio Milano\",\"description\":\"Artesan\u00eda italiana\",\"publisher\":{\"@id\":\"https:\\\/\\\/marziomilano.com\\\/it\\\/#organization\"},\"potentialAction\":[{\"@type\":\"SearchAction\",\"target\":{\"@type\":\"EntryPoint\",\"urlTemplate\":\"https:\\\/\\\/marziomilano.com\\\/it\\\/?s={search_term_string}\"},\"query-input\":{\"@type\":\"PropertyValueSpecification\",\"valueRequired\":true,\"valueName\":\"search_term_string\"}}],\"inLanguage\":\"it-IT\"},{\"@type\":\"Organization\",\"@id\":\"https:\\\/\\\/marziomilano.com\\\/it\\\/#organization\",\"name\":\"Marzio Milano\",\"url\":\"https:\\\/\\\/marziomilano.com\\\/it\\\/\",\"logo\":{\"@type\":\"ImageObject\",\"inLanguage\":\"it-IT\",\"@id\":\"https:\\\/\\\/marziomilano.com\\\/it\\\/#\\\/schema\\\/logo\\\/image\\\/\",\"url\":\"https:\\\/\\\/marziomilano.com\\\/wp-content\\\/uploads\\\/2020\\\/08\\\/marzio_azul.png\",\"contentUrl\":\"https:\\\/\\\/marziomilano.com\\\/wp-content\\\/uploads\\\/2020\\\/08\\\/marzio_azul.png\",\"width\":688,\"height\":313,\"caption\":\"Marzio Milano\"},\"image\":{\"@id\":\"https:\\\/\\\/marziomilano.com\\\/it\\\/#\\\/schema\\\/logo\\\/image\\\/\"}}]}<\/script>\n<!-- \/ Yoast SEO plugin. -->","yoast_head_json":{"title":"Origine - Marzio Milano","robots":{"index":"index","follow":"follow","max-snippet":"max-snippet:-1","max-image-preview":"max-image-preview:large","max-video-preview":"max-video-preview:-1"},"canonical":"https:\/\/marziomilano.com\/it\/origine\/","og_locale":"it_IT","og_type":"article","og_title":"Origine - Marzio Milano","og_url":"https:\/\/marziomilano.com\/it\/origine\/","og_site_name":"Marzio Milano","article_modified_time":"2020-12-22T13:05:13+00:00","twitter_card":"summary_large_image","twitter_misc":{"Tempo di lettura stimato":"3 minuti"},"schema":{"@context":"https:\/\/schema.org","@graph":[{"@type":"WebPage","@id":"https:\/\/marziomilano.com\/it\/origine\/","url":"https:\/\/marziomilano.com\/it\/origine\/","name":"Origine - Marzio Milano","isPartOf":{"@id":"https:\/\/marziomilano.com\/it\/#website"},"datePublished":"2020-11-30T19:12:02+00:00","dateModified":"2020-12-22T13:05:13+00:00","breadcrumb":{"@id":"https:\/\/marziomilano.com\/it\/origine\/#breadcrumb"},"inLanguage":"it-IT","potentialAction":[{"@type":"ReadAction","target":["https:\/\/marziomilano.com\/it\/origine\/"]}]},{"@type":"BreadcrumbList","@id":"https:\/\/marziomilano.com\/it\/origine\/#breadcrumb","itemListElement":[{"@type":"ListItem","position":1,"name":"Portada","item":"https:\/\/marziomilano.com\/it\/"},{"@type":"ListItem","position":2,"name":"Origine"}]},{"@type":"WebSite","@id":"https:\/\/marziomilano.com\/it\/#website","url":"https:\/\/marziomilano.com\/it\/","name":"Marzio Milano","description":"Artesan\u00eda italiana","publisher":{"@id":"https:\/\/marziomilano.com\/it\/#organization"},"potentialAction":[{"@type":"SearchAction","target":{"@type":"EntryPoint","urlTemplate":"https:\/\/marziomilano.com\/it\/?s={search_term_string}"},"query-input":{"@type":"PropertyValueSpecification","valueRequired":true,"valueName":"search_term_string"}}],"inLanguage":"it-IT"},{"@type":"Organization","@id":"https:\/\/marziomilano.com\/it\/#organization","name":"Marzio Milano","url":"https:\/\/marziomilano.com\/it\/","logo":{"@type":"ImageObject","inLanguage":"it-IT","@id":"https:\/\/marziomilano.com\/it\/#\/schema\/logo\/image\/","url":"https:\/\/marziomilano.com\/wp-content\/uploads\/2020\/08\/marzio_azul.png","contentUrl":"https:\/\/marziomilano.com\/wp-content\/uploads\/2020\/08\/marzio_azul.png","width":688,"height":313,"caption":"Marzio Milano"},"image":{"@id":"https:\/\/marziomilano.com\/it\/#\/schema\/logo\/image\/"}}]}},"_links":{"self":[{"href":"https:\/\/marziomilano.com\/it\/wp-json\/wp\/v2\/pages\/2790","targetHints":{"allow":["GET"]}}],"collection":[{"href":"https:\/\/marziomilano.com\/it\/wp-json\/wp\/v2\/pages"}],"about":[{"href":"https:\/\/marziomilano.com\/it\/wp-json\/wp\/v2\/types\/page"}],"author":[{"embeddable":true,"href":"https:\/\/marziomilano.com\/it\/wp-json\/wp\/v2\/users\/1"}],"replies":[{"embeddable":true,"href":"https:\/\/marziomilano.com\/it\/wp-json\/wp\/v2\/comments?post=2790"}],"version-history":[{"count":5,"href":"https:\/\/marziomilano.com\/it\/wp-json\/wp\/v2\/pages\/2790\/revisions"}],"predecessor-version":[{"id":3271,"href":"https:\/\/marziomilano.com\/it\/wp-json\/wp\/v2\/pages\/2790\/revisions\/3271"}],"wp:attachment":[{"href":"https:\/\/marziomilano.com\/it\/wp-json\/wp\/v2\/media?parent=2790"}],"curies":[{"name":"wp","href":"https:\/\/api.w.org\/{rel}","templated":true}]}}